{"id":14246,"date":"2021-02-04T10:44:43","date_gmt":"2021-02-04T09:44:43","guid":{"rendered":"https:\/\/klaster.it\/regulamin-serwisu-2\/"},"modified":"2021-02-04T10:45:13","modified_gmt":"2021-02-04T09:45:13","slug":"terms-of-use","status":"publish","type":"page","link":"https:\/\/klaster.it\/en\/terms-of-use\/","title":{"rendered":"Terms of use"},"content":{"rendered":"<p>I. POSTANOWIENIA OG\u00d3LNE<\/p>\n<p>1.1. Niniejszy regulamin (dalej jako: &#8220;Regulamin&#8221;) okre\u015bla zasady korzystania przez u\u017cytkownik\u00f3w (dalej jako &#8220;U\u017cytkownicy&#8221;) z serwisu internetowego dost\u0119pnego pod adresem\u00a0<a href=\"http:\/\/www.wirtualnebiuro.it\/\">www.klaster.it<\/a>\u00a0(dalej jako: &#8220;Serwis&#8221;).<\/p>\n<p>1.2. Us\u0142ugodawc\u0105 Serwisu jest Stowarzyszenie Klaster ICT Pomorze Zachodnie, z siedzib\u0105 w Szczecinie, przy ul. Niemierzy\u0144skiej 17a, 71-441 Szczecin, KRS: 0000385020, posiadaj\u0105cy numer NIP: 851-314-59-37 (dalej jako: &#8220;Us\u0142ugodawca&#8221;).<\/p>\n<p>1.3. Niniejszy Regulamin jest regulaminem, o kt\u00f3rym mowa w art. 8 ustawy z dnia 18 lipca 2002 r. o \u015bwiadczeniu us\u0142ug drog\u0105 elektroniczn\u0105 (Dz. U. Nr 144, poz. 1204 ze zm.).<\/p>\n<p>1.4. Za po\u015brednictwem Serwisu Us\u0142ugodawca \u015bwiadczy us\u0142ugi (dalej jako: &#8220;Us\u0142ugi&#8221;) polegaj\u0105ce w szczeg\u00f3lno\u015bci na:<\/p>\n<p>a) Dost\u0119pu do informacji nt. Us\u0142ugodawcy oraz prowadzonej przez niego aktywno\u015bci;<\/p>\n<p>b) Mo\u017cliwo\u015bci skorzystania z us\u0142ug dost\u0119pnych w Serwisie.<\/p>\n<p>II. ZASADY DOST\u0118PNO\u015aCI DO SERWISU ORAZ WYMAGANIA TECHNICZNE<\/p>\n<p>2.1. Dost\u0119p do og\u00f3lnodost\u0119pnej cz\u0119\u015bci Serwisu posiadaj\u0105 wszyscy U\u017cytkownicy sieci Internet.<\/p>\n<p>2.2. Korzystanie z Serwisu jest mo\u017cliwe pod warunkiem spe\u0142nienia przez system teleinformatyczny U\u017cytkownika nast\u0119puj\u0105cych, minimalnych wymaga\u0144 technicznych:<\/p>\n<p>a) Zastosowania przegl\u0105darek: Internet Explorer (poza wersj\u0105 6.0), Google Chrome, Mozilla Firefox, Opera, Safari,<\/p>\n<p>b) Strona internetowa jest optymalizowana w rozdzielczo\u015bci: 800 x 600, 1024 x 768, 1280 x 1024<\/p>\n<p>2.3. Us\u0142ugodawca nie ponosi odpowiedzialno\u015bci za problemy b\u0105d\u017a ograniczenia techniczne w sprz\u0119cie komputerowym, z kt\u00f3rego korzysta U\u017cytkownik, a kt\u00f3re uniemo\u017cliwiaj\u0105 U\u017cytkownikowi korzystanie z Serwisu.<\/p>\n<p>III. OG\u00d3LNE ZASADY KORZYSTANIA Z SERWISU<\/p>\n<p>3.1. U\u017cytkownik jest zobowi\u0105zany do korzystania z Serwisu w spos\u00f3b zgodny z niniejszym Regulaminem, obowi\u0105zuj\u0105cym prawem, og\u00f3lnymi zasadami korzystania z sieci Internet oraz celami utworzenia Serwisu, a w szczeg\u00f3lno\u015bci w spos\u00f3b nie naruszaj\u0105cy praw os\u00f3b trzecich oraz praw Us\u0142ugodawcy.<\/p>\n<p>3.2. U\u017cytkownik jest zobowi\u0105zany w szczeg\u00f3lno\u015bci do:<\/p>\n<p>a) korzystania z Serwisu w spos\u00f3b nie zak\u0142\u00f3caj\u0105cy jego funkcjonowania, w szczeg\u00f3lno\u015bci poprzez u\u017cycie okre\u015blonego oprogramowania lub urz\u0105dze\u0144;<\/p>\n<p>b) korzystania z Serwisu w spos\u00f3b nieuci\u0105\u017cliwy dla innych U\u017cytkownik\u00f3w oraz dla Us\u0142ugodawcy, z poszanowaniem d\u00f3br osobistych (w tym prawa do prywatno\u015bci) i wszelkich przys\u0142uguj\u0105cym im praw.<\/p>\n<p>3.3. W przypadku stwierdzenia, \u017ce U\u017cytkownik narusza pkt. 3.1. lub dopuszcza si\u0119 dzia\u0142a\u0144 opisanych w pkt 3.2, Us\u0142ugodawca ma prawo podj\u0105\u0107 wszelkie dzia\u0142ania prowadz\u0105ce do naprawienia poniesionej w zwi\u0105zku z tym szkody.<\/p>\n<p>IV. ODPOWIEDZIALNO\u015a\u0106 US\u0141UGODAWCY<\/p>\n<p>4.1. Us\u0142ugodawca prowadzi bie\u017c\u0105cy nadz\u00f3r nad technicznym funkcjonowaniem Serwisu, zapewniaj\u0105cy poprawno\u015b\u0107 jego dzia\u0142ania. Jednak\u017ce Us\u0142ugodawca nie gwarantuje sta\u0142ej dost\u0119pno\u015bci stron internetowych Serwisu, jak r\u00f3wnie\u017c ich bezb\u0142\u0119dnego funkcjonowania.<\/p>\n<p>4.2. Us\u0142ugodawca nie ponosi odpowiedzialno\u015bci za:<\/p>\n<p>a) jakiekolwiek szkody spowodowane naruszeniem przez U\u017cytkownik\u00f3w &#8211; w zwi\u0105zku z korzystaniem z Serwisu &#8211; praw os\u00f3b trzecich;<\/p>\n<p>b) szkody powsta\u0142e w nast\u0119pstwie zak\u0142\u00f3ce\u0144 w dzia\u0142aniu Serwisu lub jego niedost\u0119pno\u015bci, spowodowanych przyczynami niezale\u017cnymi od Us\u0142ugodawcy lub kt\u00f3re nast\u0105pi\u0142y wskutek zdarze\u0144, kt\u00f3rym Us\u0142ugodawca nie by\u0142 w stanie zapobiec;<\/p>\n<p>c) jakiekolwiek inne szkody spowodowane nieprzestrzeganiem przez U\u017cytkownika postanowie\u0144 niniejszego Regulaminu.<\/p>\n<p>4.3. Z faktu, \u017ce Serwis mo\u017ce by\u0107 \u0142\u0105czony poprzez odes\u0142ania internetowe (linki) z serwisami internetowymi nale\u017c\u0105cymi do os\u00f3b trzecich, nie wynika, \u017ce Us\u0142ugodawca ponosi odpowiedzialno\u015b\u0107 za dzia\u0142alno\u015b\u0107 tych serwis\u00f3w lub ich zawarto\u015b\u0107.<\/p>\n<p>V. ZAKO\u0143CZENIE KORZYSTANIA Z SERWISU<\/p>\n<p>5.1. U\u017cytkownik mo\u017ce w dowolnym czasie zrezygnowa\u0107 z korzystania z Serwisu.<\/p>\n<p>5.2. Us\u0142ugodawca mo\u017ce pozbawi\u0107 U\u017cytkownika prawa do korzystania z Serwisu jak r\u00f3wnie\u017c mo\u017ce ograniczy\u0107 jego dost\u0119p do cz\u0119\u015bci lub ca\u0142o\u015bci zasob\u00f3w Serwisu lub Us\u0142ug oferowanych w ramach Serwisu, ze skutkiem natychmiastowym, w przypadku naruszenia przez U\u017cytkownika niniejszego Regulaminu.<\/p>\n<p>5.3. Us\u0142ugodawca zastrzega sobie prawo zawieszenia, w dowolnym momencie i z dowolnych przyczyn, dzia\u0142alno\u015bci Serwisu, jak r\u00f3wnie\u017c prawo do modyfikacji lub zako\u0144czenia \u015bwiadczenia za jego po\u015brednictwem Us\u0142ug.<\/p>\n<p>VI. REKLAMACJE<\/p>\n<p>6.1. Wszelkie reklamacje zwi\u0105zane ze \u015bwiadczeniem za po\u015brednictwem Serwisu Us\u0142ug oraz pytania dotycz\u0105ce u\u017cytkowania Serwisu nale\u017cy sk\u0142ada\u0107 na adres poczty elektronicznej\u00a0<a href=\"mailto:biuro@klaster.it\">biuro@klaster.it<\/a>.<\/p>\n<p>6.2. Reklamacja powinna zawiera\u0107 w swej tre\u015bci: imi\u0119, nazwisko U\u017cytkownika oraz adres poczty elektronicznej, jako r\u00f3wnie\u017c dok\u0142adny opis i pow\u00f3d reklamacji.<\/p>\n<p>6.3. Us\u0142ugodawca rozpatruje reklamacj\u0119 w ci\u0105gu 30 dni roboczych od dnia jej otrzymania oraz informuje niezw\u0142ocznie U\u017cytkownika, za pomoc\u0105 poczty elektronicznej, o sposobie jej rozpatrzenia.<\/p>\n<p>6.4. W sytuacji, gdy podane w reklamacji dane lub informacje wymagaj\u0105 uzupe\u0142nienia, Us\u0142ugodawca zwraca si\u0119, przed rozpatrzeniem reklamacji, do sk\u0142adaj\u0105cego reklamacj\u0119 o jej uzupe\u0142nienie. Czas udzielania dodatkowych wyja\u015bnie\u0144 przez U\u017cytkownika przed\u0142u\u017ca okres rozpatrywania reklamacji.<\/p>\n<p>VII. POLITYKA PRYWATNO\u015aCI<\/p>\n<p>7.1. Definicje:<\/p>\n<p>a) Cookies &#8211; oznacza dane informatyczne, w szczeg\u00f3lno\u015bci niewielkie pliki tekstowe, zapisywane i przechowywane na urz\u0105dzeniach za po\u015brednictwem kt\u00f3rych U\u017cytkownik korzysta ze stron internetowych Serwisu.<br \/>\nb) Cookies Us\u0142ugodawcy &#8211; oznacza Cookies zamieszczane przez Us\u0142ugodawc\u0119, zwi\u0105zane ze \u015bwiadczeniem us\u0142ug droga elektroniczn\u0105 przez Us\u0142ugodawc\u0119 za po\u015brednictwem Serwisu.<br \/>\nc) Cookies Zewn\u0119trzne &#8211; oznacza Cookies zamieszczane przez partner\u00f3w Us\u0142ugodawcy, za po\u015brednictwem strony internetowej Serwisu.<\/p>\n<p>7.2. Stosowane przez Us\u0142ugodawc\u0119 Cookies s\u0105 bezpieczne dla urz\u0105dzenia U\u017cytkownika. W szczeg\u00f3lno\u015bci t\u0105 drog\u0105 nie jest mo\u017cliwe przedostanie si\u0119 do urz\u0105dze\u0144 U\u017cytkownik\u00f3w wirus\u00f3w lub innego niechcianego oprogramowania lub oprogramowania z\u0142o\u015bliwego. Pliki te pozwalaj\u0105 zidentyfikowa\u0107 oprogramowanie wykorzystywane przez U\u017cytkownika i dostosowa\u0107 Serwis indywidualnie ka\u017cdemu U\u017cytkownikowi. Cookies zazwyczaj zawieraj\u0105 nazw\u0119 domeny z kt\u00f3rej pochodz\u0105, czas przechowywania ich na urz\u0105dzeniu oraz przypisan\u0105 warto\u015b\u0107.<\/p>\n<p>7.3. Us\u0142ugodawca wykorzystuje dwa typy plik\u00f3w cookies:<br \/>\na) Cookies sesyjne: s\u0105 przechowywane na urz\u0105dzeniu U\u017cytkownika i pozostaj\u0105 tam do momentu zako\u0144czenia sesji danej przegl\u0105darki. Zapisane informacje s\u0105 w\u00f3wczas trwale usuwane z pami\u0119ci urz\u0105dzenia. Mechanizm cookies sesyjnych nie pozwala na pobieranie jakichkolwiek danych osobowych ani \u017cadnych informacji poufnych z urz\u0105dzenia U\u017cytkownika.<br \/>\nb) Cookies trwa\u0142e: s\u0105 przechowywane na urz\u0105dzeniu U\u017cytkownika i pozostaj\u0105 tam do momentu ich skasowania. Zako\u0144czenie sesji danej przegl\u0105darki lub wy\u0142\u0105czenie urz\u0105dzenia nie powoduje ich usuni\u0119cia z urz\u0105dzenia U\u017cytkownika. Mechanizm cookies trwa\u0142ych nie pozwala na pobieranie jakichkolwiek danych osobowych ani \u017cadnych informacji poufnych z urz\u0105dzenia U\u017cytkownika.<\/p>\n<p>7.4. U\u017cytkownik ma mo\u017cliwo\u015b\u0107 ograniczenia lub wy\u0142\u0105czenia dost\u0119pu plik\u00f3w cookies do swojego urz\u0105dzenia. W przypadku skorzystania z tej opcji korzystanie ze Serwisu b\u0119dzie mo\u017cliwe, poza funkcjami, kt\u00f3re ze swojej natury wymagaj\u0105 plik\u00f3w cookies.<\/p>\n<p>7.5. U\u017cytkownik mo\u017ce samodzielnie i w ka\u017cdym czasie zmieni\u0107 ustawienia dotycz\u0105ce plik\u00f3w Cookies, okre\u015blaj\u0105c warunki ich przechowywania i uzyskiwania dost\u0119pu przez pliki Cookies do urz\u0105dzenia U\u017cytkownika. Zmiany ustawie\u0144, o kt\u00f3rych mowa w zdaniu poprzednim, U\u017cytkownik mo\u017ce dokona\u0107 za pomoc\u0105 ustawie\u0144 przegl\u0105darki internetowej lub za pomoc\u0105 konfiguracji us\u0142ugi. Ustawienia te mog\u0105 zosta\u0107 zmienione w szczeg\u00f3lno\u015bci w taki spos\u00f3b, aby blokowa\u0107 automatyczn\u0105 obs\u0142ug\u0119 plik\u00f3w cookies w ustawieniach przegl\u0105darki internetowej b\u0105d\u017a informowa\u0107 o ich ka\u017cdorazowym zamieszczeniu Cookies na urz\u0105dzeniu U\u017cytkownika. Szczeg\u00f3\u0142owe informacje o mo\u017cliwo\u015bci i sposobach obs\u0142ugi plik\u00f3w cookies dost\u0119pne s\u0105 w ustawieniach oprogramowania (przegl\u0105darki internetowej).<br \/>\n7.6. U\u017cytkownik mo\u017ce w ka\u017cdej chwili usun\u0105\u0107 pliki Cookies korzystaj\u0105c z dost\u0119pnych funkcji w przegl\u0105darce internetowej, kt\u00f3rej u\u017cywa.<br \/>\n7.7. Ogranicze nie stosowania plik\u00f3w Cookies, mo\u017ce wp\u0142yn\u0105\u0107 na niekt\u00f3re funkcjonalno\u015bci dost\u0119pne na stronie internetowej Serwisu.<\/p>\n<p>7.8. Us\u0142ugodawca wykorzystuje Cookies Us\u0142ugodawcy w nast\u0119puj\u0105cych celach:<\/p>\n<p>a) Konfiguracji serwisu,<\/p>\n<p>b) Uwierzyteniania u\u017cytkownika w serwisie i zapewnienia sesji u\u017cytkownika w serwisie,<\/p>\n<p>c) Realizacji proces\u00f3w niezb\u0119dnych dla pe\u0142nej funkcjonalno\u015bci stron internetowych,<\/p>\n<p>d) Zapami\u0119tania lokalizacji u\u017cytkownika,<\/p>\n<p>e) Analiz i bada\u0144 oraz audytu ogl\u0105dalno\u015bci,<\/p>\n<p>f) \u015awiadczenia us\u0142ug reklamowych,<\/p>\n<p>g) Zapewnienia bezpiecze\u0144stwa i niezawodno\u015bci serwisu.<\/p>\n<p>VIII. POSTANOWIENIA KO\u0143COWE<\/p>\n<p>8.1. Us\u0142ugodawca zastrzega sobie prawo do zmiany niniejszego Regulaminu w dowolnym czasie. Zmiany Regulaminu obowi\u0105zuj\u0105 od momentu umieszczenia ich na stronie internetowej Serwisu.<\/p>\n<p>8.2. Us\u0142ugodawca zastrzega, \u017ce Serwis oraz wszelkie zawarte w nim materia\u0142y i informacje, a w szczeg\u00f3lno\u015bci teksty, rozwi\u0105zania nawigacyjne, wyb\u00f3r i uk\u0142ad prezentowych w ramach Serwisu tre\u015bci, logotypy, elementy graficzne, interaktywne aplikacje, materia\u0142y audio i video stanowi\u0105 przedmiot praw wy\u0142\u0105cznych Us\u0142ugodawcy lub podmiot\u00f3w z nim wsp\u00f3\u0142pracuj\u0105cych.<\/p>\n<p>8.3. W kwestiach nieuregulowanych niniejszym Regulaminem stosuje si\u0119 przepisy kodeksu cywilnego oraz innych ustaw.<\/p>\n<p>8.4. Postanowienia niniejszego Regulamin podlegaj\u0105 prawu polskiemu.<\/p>\n<p>8.5. U\u017cytkownicy Serwisu mog\u0105 uzyska\u0107 nieodp\u0142atnie dost\u0119p do niniejszego Regulaminu w ka\u017cdym czasie za po\u015brednictwem odsy\u0142acza zamieszczonego na stronie g\u0142\u00f3wnej Serwisu, w formie, kt\u00f3ra umo\u017cliwia jego pobranie, utrwalenie i wydrukowanie.<\/p>\n","protected":false},"excerpt":{"rendered":"<p>I. POSTANOWIENIA OG\u00d3LNE 1.1. Niniejszy regulamin (dalej jako: &#8220;Regulamin&#8221;) okre\u015bla zasady korzystania przez u\u017cytkownik\u00f3w (dalej jako &#8220;U\u017cytkownicy&#8221;) z serwisu internetowego dost\u0119pnego pod adresem\u00a0www.klaster.it\u00a0(dalej jako: &#8220;Serwis&#8221;). 1.2. Us\u0142ugodawc\u0105 Serwisu jest Stowarzyszenie Klaster ICT Pomorze Zachodnie, z siedzib\u0105 w Szczecinie, przy ul. Niemierzy\u0144skiej 17a, 71-441 Szczecin, KRS: 0000385020, posiadaj\u0105cy numer NIP: 851-314-59-37 (dalej jako: &#8220;Us\u0142ugodawca&#8221;). 1.3. Niniejszy&#8230;<\/p>\n","protected":false},"author":3,"featured_media":0,"parent":0,"menu_order":0,"comment_status":"closed","ping_status":"closed","template":"","meta":{"footnotes":""},"categories":[],"tags":[],"class_list":["post-14246","page","type-page","status-publish","hentry"],"yoast_head":"<!-- This site is optimized with the Yoast SEO plugin v27.4 - https:\/\/yoast.com\/product\/yoast-seo-wordpress\/ -->\n<title>Terms of use - Klaster IT<\/title>\n<meta name=\"robots\" content=\"index, follow, max-snippet:-1, max-image-preview:large, max-video-preview:-1\" \/>\n<link rel=\"canonical\" href=\"https:\/\/klaster.it\/en\/terms-of-use\/\" \/>\n<meta property=\"og:locale\" content=\"en_US\" \/>\n<meta property=\"og:type\" content=\"article\" \/>\n<meta property=\"og:title\" content=\"Terms of use - Klaster IT\" \/>\n<meta property=\"og:description\" content=\"I. POSTANOWIENIA OG\u00d3LNE 1.1. Niniejszy regulamin (dalej jako: &#8220;Regulamin&#8221;) okre\u015bla zasady korzystania przez u\u017cytkownik\u00f3w (dalej jako &#8220;U\u017cytkownicy&#8221;) z serwisu internetowego dost\u0119pnego pod adresem\u00a0www.klaster.it\u00a0(dalej jako: &#8220;Serwis&#8221;). 1.2. Us\u0142ugodawc\u0105 Serwisu jest Stowarzyszenie Klaster ICT Pomorze Zachodnie, z siedzib\u0105 w Szczecinie, przy ul. Niemierzy\u0144skiej 17a, 71-441 Szczecin, KRS: 0000385020, posiadaj\u0105cy numer NIP: 851-314-59-37 (dalej jako: &#8220;Us\u0142ugodawca&#8221;). 1.3. Niniejszy...\" \/>\n<meta property=\"og:url\" content=\"https:\/\/klaster.it\/en\/terms-of-use\/\" \/>\n<meta property=\"og:site_name\" content=\"Klaster IT\" \/>\n<meta property=\"article:publisher\" content=\"https:\/\/www.facebook.com\/KlasterICTPomorzeZachodnie\/\" \/>\n<meta property=\"article:modified_time\" content=\"2021-02-04T09:45:13+00:00\" \/>\n<meta property=\"og:image\" content=\"https:\/\/klaster.it\/wp-content\/uploads\/2020\/12\/kontakt.jpg\" \/>\n\t<meta property=\"og:image:width\" content=\"1920\" \/>\n\t<meta property=\"og:image:height\" content=\"1000\" \/>\n\t<meta property=\"og:image:type\" content=\"image\/jpeg\" \/>\n<meta name=\"twitter:card\" content=\"summary_large_image\" \/>\n<meta name=\"twitter:label1\" content=\"Est. reading time\" \/>\n\t<meta name=\"twitter:data1\" content=\"7 minutes\" \/>\n<script type=\"application\/ld+json\" class=\"yoast-schema-graph\">{\"@context\":\"https:\\\/\\\/schema.org\",\"@graph\":[{\"@type\":\"WebPage\",\"@id\":\"https:\\\/\\\/klaster.it\\\/en\\\/terms-of-use\\\/\",\"url\":\"https:\\\/\\\/klaster.it\\\/en\\\/terms-of-use\\\/\",\"name\":\"Terms of use - Klaster IT\",\"isPartOf\":{\"@id\":\"https:\\\/\\\/klaster.it\\\/#website\"},\"datePublished\":\"2021-02-04T09:44:43+00:00\",\"dateModified\":\"2021-02-04T09:45:13+00:00\",\"breadcrumb\":{\"@id\":\"https:\\\/\\\/klaster.it\\\/en\\\/terms-of-use\\\/#breadcrumb\"},\"inLanguage\":\"en-US\",\"potentialAction\":[{\"@type\":\"ReadAction\",\"target\":[\"https:\\\/\\\/klaster.it\\\/en\\\/terms-of-use\\\/\"]}]},{\"@type\":\"BreadcrumbList\",\"@id\":\"https:\\\/\\\/klaster.it\\\/en\\\/terms-of-use\\\/#breadcrumb\",\"itemListElement\":[{\"@type\":\"ListItem\",\"position\":1,\"name\":\"Home\",\"item\":\"https:\\\/\\\/klaster.it\\\/en\\\/home\\\/\"},{\"@type\":\"ListItem\",\"position\":2,\"name\":\"Terms of use\"}]},{\"@type\":\"WebSite\",\"@id\":\"https:\\\/\\\/klaster.it\\\/#website\",\"url\":\"https:\\\/\\\/klaster.it\\\/\",\"name\":\"Klaster IT\",\"description\":\"Kolejna witryna oparta na WordPressie\",\"publisher\":{\"@id\":\"https:\\\/\\\/klaster.it\\\/#organization\"},\"potentialAction\":[{\"@type\":\"SearchAction\",\"target\":{\"@type\":\"EntryPoint\",\"urlTemplate\":\"https:\\\/\\\/klaster.it\\\/?s={search_term_string}\"},\"query-input\":{\"@type\":\"PropertyValueSpecification\",\"valueRequired\":true,\"valueName\":\"search_term_string\"}}],\"inLanguage\":\"en-US\"},{\"@type\":\"Organization\",\"@id\":\"https:\\\/\\\/klaster.it\\\/#organization\",\"name\":\"Klaster IT\",\"url\":\"https:\\\/\\\/klaster.it\\\/\",\"logo\":{\"@type\":\"ImageObject\",\"inLanguage\":\"en-US\",\"@id\":\"https:\\\/\\\/klaster.it\\\/#\\\/schema\\\/logo\\\/image\\\/\",\"url\":\"https:\\\/\\\/klaster.it\\\/wp-content\\\/uploads\\\/2021\\\/11\\\/Klaster-IT_logo-poziome.png\",\"contentUrl\":\"https:\\\/\\\/klaster.it\\\/wp-content\\\/uploads\\\/2021\\\/11\\\/Klaster-IT_logo-poziome.png\",\"width\":2094,\"height\":297,\"caption\":\"Klaster IT\"},\"image\":{\"@id\":\"https:\\\/\\\/klaster.it\\\/#\\\/schema\\\/logo\\\/image\\\/\"},\"sameAs\":[\"https:\\\/\\\/www.facebook.com\\\/KlasterICTPomorzeZachodnie\\\/\",\"https:\\\/\\\/www.linkedin.com\\\/company\\\/west-pomeranian-ict-cluster\\\/\"]}]}<\/script>\n<!-- \/ Yoast SEO plugin. -->","yoast_head_json":{"title":"Terms of use - Klaster IT","robots":{"index":"index","follow":"follow","max-snippet":"max-snippet:-1","max-image-preview":"max-image-preview:large","max-video-preview":"max-video-preview:-1"},"canonical":"https:\/\/klaster.it\/en\/terms-of-use\/","og_locale":"en_US","og_type":"article","og_title":"Terms of use - Klaster IT","og_description":"I. POSTANOWIENIA OG\u00d3LNE 1.1. Niniejszy regulamin (dalej jako: &#8220;Regulamin&#8221;) okre\u015bla zasady korzystania przez u\u017cytkownik\u00f3w (dalej jako &#8220;U\u017cytkownicy&#8221;) z serwisu internetowego dost\u0119pnego pod adresem\u00a0www.klaster.it\u00a0(dalej jako: &#8220;Serwis&#8221;). 1.2. Us\u0142ugodawc\u0105 Serwisu jest Stowarzyszenie Klaster ICT Pomorze Zachodnie, z siedzib\u0105 w Szczecinie, przy ul. Niemierzy\u0144skiej 17a, 71-441 Szczecin, KRS: 0000385020, posiadaj\u0105cy numer NIP: 851-314-59-37 (dalej jako: &#8220;Us\u0142ugodawca&#8221;). 1.3. Niniejszy...","og_url":"https:\/\/klaster.it\/en\/terms-of-use\/","og_site_name":"Klaster IT","article_publisher":"https:\/\/www.facebook.com\/KlasterICTPomorzeZachodnie\/","article_modified_time":"2021-02-04T09:45:13+00:00","og_image":[{"width":1920,"height":1000,"url":"https:\/\/klaster.it\/wp-content\/uploads\/2020\/12\/kontakt.jpg","type":"image\/jpeg"}],"twitter_card":"summary_large_image","twitter_misc":{"Est. reading time":"7 minutes"},"schema":{"@context":"https:\/\/schema.org","@graph":[{"@type":"WebPage","@id":"https:\/\/klaster.it\/en\/terms-of-use\/","url":"https:\/\/klaster.it\/en\/terms-of-use\/","name":"Terms of use - Klaster IT","isPartOf":{"@id":"https:\/\/klaster.it\/#website"},"datePublished":"2021-02-04T09:44:43+00:00","dateModified":"2021-02-04T09:45:13+00:00","breadcrumb":{"@id":"https:\/\/klaster.it\/en\/terms-of-use\/#breadcrumb"},"inLanguage":"en-US","potentialAction":[{"@type":"ReadAction","target":["https:\/\/klaster.it\/en\/terms-of-use\/"]}]},{"@type":"BreadcrumbList","@id":"https:\/\/klaster.it\/en\/terms-of-use\/#breadcrumb","itemListElement":[{"@type":"ListItem","position":1,"name":"Home","item":"https:\/\/klaster.it\/en\/home\/"},{"@type":"ListItem","position":2,"name":"Terms of use"}]},{"@type":"WebSite","@id":"https:\/\/klaster.it\/#website","url":"https:\/\/klaster.it\/","name":"Klaster IT","description":"Kolejna witryna oparta na WordPressie","publisher":{"@id":"https:\/\/klaster.it\/#organization"},"potentialAction":[{"@type":"SearchAction","target":{"@type":"EntryPoint","urlTemplate":"https:\/\/klaster.it\/?s={search_term_string}"},"query-input":{"@type":"PropertyValueSpecification","valueRequired":true,"valueName":"search_term_string"}}],"inLanguage":"en-US"},{"@type":"Organization","@id":"https:\/\/klaster.it\/#organization","name":"Klaster IT","url":"https:\/\/klaster.it\/","logo":{"@type":"ImageObject","inLanguage":"en-US","@id":"https:\/\/klaster.it\/#\/schema\/logo\/image\/","url":"https:\/\/klaster.it\/wp-content\/uploads\/2021\/11\/Klaster-IT_logo-poziome.png","contentUrl":"https:\/\/klaster.it\/wp-content\/uploads\/2021\/11\/Klaster-IT_logo-poziome.png","width":2094,"height":297,"caption":"Klaster IT"},"image":{"@id":"https:\/\/klaster.it\/#\/schema\/logo\/image\/"},"sameAs":["https:\/\/www.facebook.com\/KlasterICTPomorzeZachodnie\/","https:\/\/www.linkedin.com\/company\/west-pomeranian-ict-cluster\/"]}]}},"_links":{"self":[{"href":"https:\/\/klaster.it\/en\/wp-json\/wp\/v2\/pages\/14246","targetHints":{"allow":["GET"]}}],"collection":[{"href":"https:\/\/klaster.it\/en\/wp-json\/wp\/v2\/pages"}],"about":[{"href":"https:\/\/klaster.it\/en\/wp-json\/wp\/v2\/types\/page"}],"author":[{"embeddable":true,"href":"https:\/\/klaster.it\/en\/wp-json\/wp\/v2\/users\/3"}],"replies":[{"embeddable":true,"href":"https:\/\/klaster.it\/en\/wp-json\/wp\/v2\/comments?post=14246"}],"version-history":[{"count":1,"href":"https:\/\/klaster.it\/en\/wp-json\/wp\/v2\/pages\/14246\/revisions"}],"predecessor-version":[{"id":14247,"href":"https:\/\/klaster.it\/en\/wp-json\/wp\/v2\/pages\/14246\/revisions\/14247"}],"wp:attachment":[{"href":"https:\/\/klaster.it\/en\/wp-json\/wp\/v2\/media?parent=14246"}],"wp:term":[{"taxonomy":"category","embeddable":true,"href":"https:\/\/klaster.it\/en\/wp-json\/wp\/v2\/categories?post=14246"},{"taxonomy":"post_tag","embeddable":true,"href":"https:\/\/klaster.it\/en\/wp-json\/wp\/v2\/tags?post=14246"}],"curies":[{"name":"wp","href":"https:\/\/api.w.org\/{rel}","templated":true}]}}