{"id":14392,"date":"2021-02-05T02:01:24","date_gmt":"2021-02-05T01:01:24","guid":{"rendered":"https:\/\/klaster.it\/it-jobs-send-your-cv\/"},"modified":"2022-06-22T10:28:55","modified_gmt":"2022-06-22T08:28:55","slug":"it-jobs-send-your-cv","status":"publish","type":"page","link":"https:\/\/klaster.it\/en\/it-jobs-send-your-cv\/","title":{"rendered":"IT JOBS &#8211; send your CV"},"content":{"rendered":"\t\t<div data-elementor-type=\"wp-page\" data-elementor-id=\"14392\" class=\"elementor elementor-14392 elementor-12256\">\n\t\t\t\t\t\t<section class=\"elementor-section elementor-top-section elementor-element elementor-element-8597da5 elementor-section-boxed elementor-section-height-default elementor-section-height-default\" data-id=\"8597da5\" data-element_type=\"section\">\n\t\t\t\t\t\t<div class=\"elementor-container elementor-column-gap-default\">\n\t\t\t\t\t<div class=\"elementor-column elementor-col-100 elementor-top-column elementor-element elementor-element-13084ce\" data-id=\"13084ce\" data-element_type=\"column\">\n\t\t\t<div class=\"elementor-widget-wrap elementor-element-populated\">\n\t\t\t\t\t\t<div class=\"elementor-element elementor-element-3d5b314 elementor-widget elementor-widget-rs-heading\" data-id=\"3d5b314\" data-element_type=\"widget\" data-widget_type=\"rs-heading.default\">\n\t\t\t\t<div class=\"elementor-widget-container\">\n\t\t\t\t\t        <div class=\"rs-heading style2  \">\r\n        \t<div class=\"title-inner\">\r\n        \t\t      \t\t\r\n\t            <span class=\"sub-text \">Are you looking for a job in the IT industry?<\/span><h2 class=\"title\"><span class=\"watermark\"><\/span>Send your CV to our database!<\/h2>\t        <\/div>\r\n\t                <\/div>\r\n\r\n        \t\t\t\t<\/div>\n\t\t\t\t<\/div>\n\t\t\t\t\t<\/div>\n\t\t<\/div>\n\t\t\t\t\t<\/div>\n\t\t<\/section>\n\t\t\t\t<section class=\"elementor-section elementor-top-section elementor-element elementor-element-63738a2 elementor-section-boxed elementor-section-height-default elementor-section-height-default\" data-id=\"63738a2\" data-element_type=\"section\">\n\t\t\t\t\t\t<div class=\"elementor-container elementor-column-gap-default\">\n\t\t\t\t\t<div class=\"elementor-column elementor-col-100 elementor-top-column elementor-element elementor-element-25bd1997\" data-id=\"25bd1997\" data-element_type=\"column\">\n\t\t\t<div class=\"elementor-widget-wrap elementor-element-populated\">\n\t\t\t\t\t\t<div class=\"elementor-element elementor-element-57ee8674 elementor-widget elementor-widget-text-editor\" data-id=\"57ee8674\" data-element_type=\"widget\" data-widget_type=\"text-editor.default\">\n\t\t\t\t<div class=\"elementor-widget-container\">\n\t\t\t\t\t\t\t\t\t<p style=\"text-align: justify;\">Are you looking for a job in the IT industry? Send your CV to our database! Complete the form below &#8211; the dynamically developing IT companies associated in the IT Cluster will have access to your application.<\/p>\r\nRequired fields are marked <strong>*<\/strong>.\t\t\t\t\t\t\t\t<\/div>\n\t\t\t\t<\/div>\n\t\t\t\t<div class=\"elementor-element elementor-element-ae0d47d elementor-widget elementor-widget-rs-cf7\" data-id=\"ae0d47d\" data-element_type=\"widget\" data-widget_type=\"rs-cf7.default\">\n\t\t\t\t<div class=\"elementor-widget-container\">\n\t\t\t\t\t\n<div class=\"wpcf7 no-js\" id=\"wpcf7-f14397-o1\" lang=\"pl-PL\" dir=\"ltr\" data-wpcf7-id=\"14397\">\n<div class=\"screen-reader-response\"><p role=\"status\" aria-live=\"polite\" aria-atomic=\"true\"><\/p> <ul><\/ul><\/div>\n<form action=\"\/en\/wp-json\/wp\/v2\/pages\/14392#wpcf7-f14397-o1\" method=\"post\" class=\"wpcf7-form init\" aria-label=\"Formularz kontaktowy\" enctype=\"multipart\/form-data\" novalidate=\"novalidate\" data-status=\"init\">\n<fieldset class=\"hidden-fields-container\"><input type=\"hidden\" name=\"_wpcf7\" value=\"14397\" \/><input type=\"hidden\" name=\"_wpcf7_version\" value=\"6.1.5\" \/><input type=\"hidden\" name=\"_wpcf7_locale\" value=\"pl_PL\" \/><input type=\"hidden\" name=\"_wpcf7_unit_tag\" value=\"wpcf7-f14397-o1\" \/><input type=\"hidden\" name=\"_wpcf7_container_post\" value=\"0\" \/><input type=\"hidden\" name=\"_wpcf7_posted_data_hash\" value=\"\" \/><input type=\"hidden\" name=\"_wpcf7_recaptcha_response\" value=\"\" \/>\n<\/fieldset>\n<div class=\"row\">\n\t<div class=\"col-sm-12\">\n\t\t<p><label for=\"name\">Name<em class=\"red\">*<\/em><\/label><span class=\"wpcf7-form-control-wrap\" data-name=\"your-name\"><input size=\"40\" maxlength=\"400\" class=\"wpcf7-form-control wpcf7-text wpcf7-validates-as-required\" aria-required=\"true\" aria-invalid=\"false\" placeholder=\"Name\" value=\"\" type=\"text\" name=\"your-name\" \/><\/span>\n\t\t<\/p>\n\t<\/div>\n\t<div class=\"col-sm-6\">\n\t\t<p><label for=\"name\">E-mail<em class=\"red\">*<\/em><\/label><span class=\"wpcf7-form-control-wrap\" data-name=\"your-email\"><input size=\"40\" maxlength=\"400\" class=\"wpcf7-form-control wpcf7-email wpcf7-validates-as-required wpcf7-text wpcf7-validates-as-email\" aria-required=\"true\" aria-invalid=\"false\" placeholder=\"E-mail\" value=\"\" type=\"email\" name=\"your-email\" \/><\/span>\n\t\t<\/p>\n\t<\/div>\n\t<div class=\"col-sm-6\">\n\t\t<p><label for=\"name\">Phone Number<em class=\"red\">*<\/em><\/label><span class=\"wpcf7-form-control-wrap\" data-name=\"your-phone\"><input size=\"40\" maxlength=\"400\" class=\"wpcf7-form-control wpcf7-text wpcf7-validates-as-required\" aria-required=\"true\" aria-invalid=\"false\" placeholder=\"Phone Number\" value=\"\" type=\"text\" name=\"your-phone\" \/><\/span>\n\t\t<\/p>\n\t<\/div>\n\t<div class=\"col-sm-12 form-sub-title\" style=\"color: white;\">\n\t\t<p><strong>Language skills<\/strong>\n\t\t<\/p>\n\t<\/div>\n\t<div class=\"col-sm-4\">\n\t\t<p><label for=\"name\">English<em class=\"red\">*<\/em><\/label><span class=\"wpcf7-form-control-wrap\" data-name=\"menu-ang\"><select class=\"wpcf7-form-control wpcf7-select wpcf7-validates-as-required\" aria-required=\"true\" aria-invalid=\"false\" name=\"menu-ang\"><option value=\"\">&#8212;Prosz\u0119 wybra\u0107 opcj\u0119&#8212;<\/option><option value=\"0\">0<\/option><option value=\"A1 A2\">A1 A2<\/option><option value=\"B1 B2\">B1 B2<\/option><option value=\"C1 C2\">C1 C2<\/option><\/select><\/span>\n\t\t<\/p>\n\t<\/div>\n\t<div class=\"col-sm-4\">\n\t\t<p><label for=\"name\">Polish<em class=\"red\">*<\/em><\/label><span class=\"wpcf7-form-control-wrap\" data-name=\"menu-pol\"><select class=\"wpcf7-form-control wpcf7-select wpcf7-validates-as-required\" aria-required=\"true\" aria-invalid=\"false\" name=\"menu-pol\"><option value=\"\">&#8212;Prosz\u0119 wybra\u0107 opcj\u0119&#8212;<\/option><option value=\"0\">0<\/option><option value=\"A1 A2\">A1 A2<\/option><option value=\"B1 B2\">B1 B2<\/option><option value=\"C1 C2\">C1 C2<\/option><\/select><\/span>\n\t\t<\/p>\n\t<\/div>\n\t<div class=\"col-sm-4\">\n\t\t<p><label for=\"name\">German<em class=\"red\">*<\/em><\/label><span class=\"wpcf7-form-control-wrap\" data-name=\"menu-niem\"><select class=\"wpcf7-form-control wpcf7-select wpcf7-validates-as-required\" aria-required=\"true\" aria-invalid=\"false\" name=\"menu-niem\"><option value=\"\">&#8212;Prosz\u0119 wybra\u0107 opcj\u0119&#8212;<\/option><option value=\"0\">0<\/option><option value=\"A1 A2\">A1 A2<\/option><option value=\"B1 B2\">B1 B2<\/option><option value=\"C1 C2\">C1 C2<\/option><\/select><\/span>\n\t\t<\/p>\n\t<\/div>\n\t<div class=\"col-sm-4\">\n\t\t<p><label for=\"name\">Ukrainian<em class=\"red\">*<\/em><\/label><span class=\"wpcf7-form-control-wrap\" data-name=\"menu-ukr\"><select class=\"wpcf7-form-control wpcf7-select wpcf7-validates-as-required\" aria-required=\"true\" aria-invalid=\"false\" name=\"menu-ukr\"><option value=\"\">&#8212;Prosz\u0119 wybra\u0107 opcj\u0119&#8212;<\/option><option value=\"0\">0<\/option><option value=\"A1 A2\">A1 A2<\/option><option value=\"B1 B2\">B1 B2<\/option><option value=\"C1 C2\">C1 C2<\/option><\/select><\/span>\n\t\t<\/p>\n\t<\/div>\n\t<div class=\"col-sm-4\">\n\t\t<p><label for=\"name\">Russian<em class=\"red\">*<\/em><\/label><span class=\"wpcf7-form-control-wrap\" data-name=\"menu-ros\"><select class=\"wpcf7-form-control wpcf7-select wpcf7-validates-as-required\" aria-required=\"true\" aria-invalid=\"false\" name=\"menu-ros\"><option value=\"\">&#8212;Prosz\u0119 wybra\u0107 opcj\u0119&#8212;<\/option><option value=\"0\">0<\/option><option value=\"A1 A2\">A1 A2<\/option><option value=\"B1 B2\">B1 B2<\/option><option value=\"C1 C2\">C1 C2<\/option><\/select><\/span>\n\t\t<\/p>\n\t<\/div>\n\t<div class=\"col-sm-6\">\n\t\t<p><label for=\"name\">Competences (knowledge of technologies, systems, tools)<em class=\"red\">*<\/em><\/label><span class=\"wpcf7-form-control-wrap\" data-name=\"your-skills\"><input size=\"40\" maxlength=\"400\" class=\"wpcf7-form-control wpcf7-text wpcf7-validates-as-required\" aria-required=\"true\" aria-invalid=\"false\" value=\"\" type=\"text\" name=\"your-skills\" \/><\/span>\n\t\t<\/p>\n\t<\/div>\n\t<div class=\"col-sm-6\">\n\t\t<p><label for=\"name\">Positions that interest you<em class=\"red\">*<\/em><\/label><span class=\"wpcf7-form-control-wrap\" data-name=\"your-job\"><input size=\"40\" maxlength=\"400\" class=\"wpcf7-form-control wpcf7-text wpcf7-validates-as-required\" aria-required=\"true\" aria-invalid=\"false\" value=\"\" type=\"text\" name=\"your-job\" \/><\/span>\n\t\t<\/p>\n\t<\/div>\n\t<div class=\"col-sm-12\">\n\t\t<p><label for=\"name\">Portfolio (links to own websites \/ stores, graphics, programs, video)<\/label><span class=\"wpcf7-form-control-wrap\" data-name=\"portfolio\"><textarea cols=\"40\" rows=\"10\" maxlength=\"2000\" class=\"wpcf7-form-control wpcf7-textarea\" aria-invalid=\"false\" name=\"portfolio\"><\/textarea><\/span>\n\t\t<\/p>\n\t<\/div>\n\t<div class=\"col-sm-6\">\n\t\t<p><label for=\"cv\">Upload Resume (*.pdf \/ *.doc,*.docx)<\/label><span class=\"wpcf7-form-control-wrap\" data-name=\"plik-cv\"><input size=\"40\" class=\"wpcf7-form-control wpcf7-file\" accept=\".pdf,.doc,.docx\" aria-invalid=\"false\" type=\"file\" name=\"plik-cv\" \/><\/span>\n\t\t<\/p>\n\t<\/div>\n\t<div class=\"col-sm-12\">\n\t\t<p><span class=\"wpcf7-form-control-wrap\" data-name=\"acceptance-714\"><span class=\"wpcf7-form-control wpcf7-acceptance\"><span class=\"wpcf7-list-item\"><label><input type=\"checkbox\" name=\"acceptance-714\" value=\"1\" class=\"akceptacja-polityki\" aria-invalid=\"false\" \/><span class=\"wpcf7-list-item-label\"><em class=\"red\">*<\/em>  According to Art. 6 sec. 1 lit. a of the Regulation of the European Parliament and of the Council (EU) 2016\/679 of 27 April 2016 on the protection of individuals with regard to the processing of personal data and on the free movement of such data, and repealing Directive 95\/46 \/ EC (general regulation on data protection ), hereinafter: \"RODO\", I consent to the processing of my personal data by the West Pomeranian ICT Klaster with its registered office in Szczecin at Niemierzy\u0144ska 17a, 71-441 Szczecin and sharing them to the members of the Association in order to enable them to carry out current and future recruitment for work. I declare that I have read the information clause for candidates for employment to members of the association, which is available on the website.<\/span><\/label><\/span><\/span><\/span>\n\t\t<\/p>\n\t<\/div>\n\t<div class=\"row\">\n\t\t<div class=\"col-sm-12\">\n\t\t\t<div class=\"form-button col-sm-12\">\n\t\t\t\t<p class=\"submit-btn\"><input class=\"wpcf7-form-control wpcf7-submit has-spinner\" type=\"submit\" value=\"Submit\" \/>\n\t\t\t\t<\/p>\n\t\t\t<\/div>\n\t\t<\/div>\n\t<\/div>\n<\/div><div class=\"wpcf7-response-output\" aria-hidden=\"true\"><\/div>\n<\/form>\n<\/div>\n\t\t\t\t<\/div>\n\t\t\t\t<\/div>\n\t\t\t\t\t<\/div>\n\t\t<\/div>\n\t\t\t\t\t<\/div>\n\t\t<\/section>\n\t\t\t\t<section class=\"elementor-section elementor-top-section elementor-element elementor-element-170efe2 elementor-section-boxed elementor-section-height-default elementor-section-height-default\" data-id=\"170efe2\" data-element_type=\"section\">\n\t\t\t\t\t\t<div class=\"elementor-container elementor-column-gap-default\">\n\t\t\t\t\t<div class=\"elementor-column elementor-col-100 elementor-top-column elementor-element elementor-element-955271d\" data-id=\"955271d\" data-element_type=\"column\">\n\t\t\t<div class=\"elementor-widget-wrap elementor-element-populated\">\n\t\t\t\t\t\t\t<\/div>\n\t\t<\/div>\n\t\t\t\t\t<\/div>\n\t\t<\/section>\n\t\t\t\t<section class=\"elementor-section elementor-top-section elementor-element elementor-element-f958b6b elementor-section-boxed elementor-section-height-default elementor-section-height-default\" data-id=\"f958b6b\" data-element_type=\"section\">\n\t\t\t\t\t\t<div class=\"elementor-container elementor-column-gap-default\">\n\t\t\t\t\t<div class=\"elementor-column elementor-col-100 elementor-top-column elementor-element elementor-element-5cd8e15\" data-id=\"5cd8e15\" data-element_type=\"column\">\n\t\t\t<div class=\"elementor-widget-wrap\">\n\t\t\t\t\t\t\t<\/div>\n\t\t<\/div>\n\t\t\t\t\t<\/div>\n\t\t<\/section>\n\t\t\t\t<\/div>\n\t\t","protected":false},"excerpt":{"rendered":"<p>Are you looking for a job in the IT industry? Send your CV to our database! Are you looking for a job in the IT industry? Send your CV to our database! Complete the form below &#8211; the dynamically developing IT companies associated in the IT Cluster will have access to your application. Required fields&#8230;<\/p>\n","protected":false},"author":3,"featured_media":0,"parent":0,"menu_order":0,"comment_status":"closed","ping_status":"closed","template":"","meta":{"footnotes":""},"class_list":["post-14392","page","type-page","status-publish","hentry"],"yoast_head":"<!-- This site is optimized with the Yoast SEO plugin v27.4 - https:\/\/yoast.com\/product\/yoast-seo-wordpress\/ -->\n<title>IT JOBS - send your CV - Klaster IT<\/title>\n<meta name=\"robots\" content=\"index, follow, max-snippet:-1, max-image-preview:large, max-video-preview:-1\" \/>\n<link rel=\"canonical\" href=\"https:\/\/klaster.it\/en\/it-jobs-send-your-cv\/\" \/>\n<meta property=\"og:locale\" content=\"en_US\" \/>\n<meta property=\"og:type\" content=\"article\" \/>\n<meta property=\"og:title\" content=\"IT JOBS - send your CV - Klaster IT\" \/>\n<meta property=\"og:description\" content=\"Are you looking for a job in the IT industry? Send your CV to our database! Are you looking for a job in the IT industry? Send your CV to our database! Complete the form below &#8211; the dynamically developing IT companies associated in the IT Cluster will have access to your application. Required fields...\" \/>\n<meta property=\"og:url\" content=\"https:\/\/klaster.it\/en\/it-jobs-send-your-cv\/\" \/>\n<meta property=\"og:site_name\" content=\"Klaster IT\" \/>\n<meta property=\"article:publisher\" content=\"https:\/\/www.facebook.com\/KlasterICTPomorzeZachodnie\/\" \/>\n<meta property=\"article:modified_time\" content=\"2022-06-22T08:28:55+00:00\" \/>\n<meta property=\"og:image\" content=\"https:\/\/klaster.it\/wp-content\/uploads\/2020\/12\/kontakt.jpg\" \/>\n\t<meta property=\"og:image:width\" content=\"1920\" \/>\n\t<meta property=\"og:image:height\" content=\"1000\" \/>\n\t<meta property=\"og:image:type\" content=\"image\/jpeg\" \/>\n<meta name=\"twitter:card\" content=\"summary_large_image\" \/>\n<meta name=\"twitter:label1\" content=\"Est. reading time\" \/>\n\t<meta name=\"twitter:data1\" content=\"2 minutes\" \/>\n<script type=\"application\/ld+json\" class=\"yoast-schema-graph\">{\"@context\":\"https:\\\/\\\/schema.org\",\"@graph\":[{\"@type\":\"WebPage\",\"@id\":\"https:\\\/\\\/klaster.it\\\/en\\\/it-jobs-send-your-cv\\\/\",\"url\":\"https:\\\/\\\/klaster.it\\\/en\\\/it-jobs-send-your-cv\\\/\",\"name\":\"IT JOBS - send your CV - Klaster IT\",\"isPartOf\":{\"@id\":\"https:\\\/\\\/klaster.it\\\/#website\"},\"datePublished\":\"2021-02-05T01:01:24+00:00\",\"dateModified\":\"2022-06-22T08:28:55+00:00\",\"breadcrumb\":{\"@id\":\"https:\\\/\\\/klaster.it\\\/en\\\/it-jobs-send-your-cv\\\/#breadcrumb\"},\"inLanguage\":\"en-US\",\"potentialAction\":[{\"@type\":\"ReadAction\",\"target\":[\"https:\\\/\\\/klaster.it\\\/en\\\/it-jobs-send-your-cv\\\/\"]}]},{\"@type\":\"BreadcrumbList\",\"@id\":\"https:\\\/\\\/klaster.it\\\/en\\\/it-jobs-send-your-cv\\\/#breadcrumb\",\"itemListElement\":[{\"@type\":\"ListItem\",\"position\":1,\"name\":\"Home\",\"item\":\"https:\\\/\\\/klaster.it\\\/en\\\/home\\\/\"},{\"@type\":\"ListItem\",\"position\":2,\"name\":\"IT JOBS &#8211; send your CV\"}]},{\"@type\":\"WebSite\",\"@id\":\"https:\\\/\\\/klaster.it\\\/#website\",\"url\":\"https:\\\/\\\/klaster.it\\\/\",\"name\":\"Klaster IT\",\"description\":\"Kolejna witryna oparta na WordPressie\",\"publisher\":{\"@id\":\"https:\\\/\\\/klaster.it\\\/#organization\"},\"potentialAction\":[{\"@type\":\"SearchAction\",\"target\":{\"@type\":\"EntryPoint\",\"urlTemplate\":\"https:\\\/\\\/klaster.it\\\/?s={search_term_string}\"},\"query-input\":{\"@type\":\"PropertyValueSpecification\",\"valueRequired\":true,\"valueName\":\"search_term_string\"}}],\"inLanguage\":\"en-US\"},{\"@type\":\"Organization\",\"@id\":\"https:\\\/\\\/klaster.it\\\/#organization\",\"name\":\"Klaster IT\",\"url\":\"https:\\\/\\\/klaster.it\\\/\",\"logo\":{\"@type\":\"ImageObject\",\"inLanguage\":\"en-US\",\"@id\":\"https:\\\/\\\/klaster.it\\\/#\\\/schema\\\/logo\\\/image\\\/\",\"url\":\"https:\\\/\\\/klaster.it\\\/wp-content\\\/uploads\\\/2021\\\/11\\\/Klaster-IT_logo-poziome.png\",\"contentUrl\":\"https:\\\/\\\/klaster.it\\\/wp-content\\\/uploads\\\/2021\\\/11\\\/Klaster-IT_logo-poziome.png\",\"width\":2094,\"height\":297,\"caption\":\"Klaster IT\"},\"image\":{\"@id\":\"https:\\\/\\\/klaster.it\\\/#\\\/schema\\\/logo\\\/image\\\/\"},\"sameAs\":[\"https:\\\/\\\/www.facebook.com\\\/KlasterICTPomorzeZachodnie\\\/\",\"https:\\\/\\\/www.linkedin.com\\\/company\\\/west-pomeranian-ict-cluster\\\/\"]}]}<\/script>\n<!-- \/ Yoast SEO plugin. -->","yoast_head_json":{"title":"IT JOBS - send your CV - Klaster IT","robots":{"index":"index","follow":"follow","max-snippet":"max-snippet:-1","max-image-preview":"max-image-preview:large","max-video-preview":"max-video-preview:-1"},"canonical":"https:\/\/klaster.it\/en\/it-jobs-send-your-cv\/","og_locale":"en_US","og_type":"article","og_title":"IT JOBS - send your CV - Klaster IT","og_description":"Are you looking for a job in the IT industry? Send your CV to our database! Are you looking for a job in the IT industry? Send your CV to our database! Complete the form below &#8211; the dynamically developing IT companies associated in the IT Cluster will have access to your application. Required fields...","og_url":"https:\/\/klaster.it\/en\/it-jobs-send-your-cv\/","og_site_name":"Klaster IT","article_publisher":"https:\/\/www.facebook.com\/KlasterICTPomorzeZachodnie\/","article_modified_time":"2022-06-22T08:28:55+00:00","og_image":[{"width":1920,"height":1000,"url":"https:\/\/klaster.it\/wp-content\/uploads\/2020\/12\/kontakt.jpg","type":"image\/jpeg"}],"twitter_card":"summary_large_image","twitter_misc":{"Est. reading time":"2 minutes"},"schema":{"@context":"https:\/\/schema.org","@graph":[{"@type":"WebPage","@id":"https:\/\/klaster.it\/en\/it-jobs-send-your-cv\/","url":"https:\/\/klaster.it\/en\/it-jobs-send-your-cv\/","name":"IT JOBS - send your CV - Klaster IT","isPartOf":{"@id":"https:\/\/klaster.it\/#website"},"datePublished":"2021-02-05T01:01:24+00:00","dateModified":"2022-06-22T08:28:55+00:00","breadcrumb":{"@id":"https:\/\/klaster.it\/en\/it-jobs-send-your-cv\/#breadcrumb"},"inLanguage":"en-US","potentialAction":[{"@type":"ReadAction","target":["https:\/\/klaster.it\/en\/it-jobs-send-your-cv\/"]}]},{"@type":"BreadcrumbList","@id":"https:\/\/klaster.it\/en\/it-jobs-send-your-cv\/#breadcrumb","itemListElement":[{"@type":"ListItem","position":1,"name":"Home","item":"https:\/\/klaster.it\/en\/home\/"},{"@type":"ListItem","position":2,"name":"IT JOBS &#8211; send your CV"}]},{"@type":"WebSite","@id":"https:\/\/klaster.it\/#website","url":"https:\/\/klaster.it\/","name":"Klaster IT","description":"Kolejna witryna oparta na WordPressie","publisher":{"@id":"https:\/\/klaster.it\/#organization"},"potentialAction":[{"@type":"SearchAction","target":{"@type":"EntryPoint","urlTemplate":"https:\/\/klaster.it\/?s={search_term_string}"},"query-input":{"@type":"PropertyValueSpecification","valueRequired":true,"valueName":"search_term_string"}}],"inLanguage":"en-US"},{"@type":"Organization","@id":"https:\/\/klaster.it\/#organization","name":"Klaster IT","url":"https:\/\/klaster.it\/","logo":{"@type":"ImageObject","inLanguage":"en-US","@id":"https:\/\/klaster.it\/#\/schema\/logo\/image\/","url":"https:\/\/klaster.it\/wp-content\/uploads\/2021\/11\/Klaster-IT_logo-poziome.png","contentUrl":"https:\/\/klaster.it\/wp-content\/uploads\/2021\/11\/Klaster-IT_logo-poziome.png","width":2094,"height":297,"caption":"Klaster IT"},"image":{"@id":"https:\/\/klaster.it\/#\/schema\/logo\/image\/"},"sameAs":["https:\/\/www.facebook.com\/KlasterICTPomorzeZachodnie\/","https:\/\/www.linkedin.com\/company\/west-pomeranian-ict-cluster\/"]}]}},"_links":{"self":[{"href":"https:\/\/klaster.it\/en\/wp-json\/wp\/v2\/pages\/14392","targetHints":{"allow":["GET"]}}],"collection":[{"href":"https:\/\/klaster.it\/en\/wp-json\/wp\/v2\/pages"}],"about":[{"href":"https:\/\/klaster.it\/en\/wp-json\/wp\/v2\/types\/page"}],"author":[{"embeddable":true,"href":"https:\/\/klaster.it\/en\/wp-json\/wp\/v2\/users\/3"}],"replies":[{"embeddable":true,"href":"https:\/\/klaster.it\/en\/wp-json\/wp\/v2\/comments?post=14392"}],"version-history":[{"count":37,"href":"https:\/\/klaster.it\/en\/wp-json\/wp\/v2\/pages\/14392\/revisions"}],"predecessor-version":[{"id":20243,"href":"https:\/\/klaster.it\/en\/wp-json\/wp\/v2\/pages\/14392\/revisions\/20243"}],"wp:attachment":[{"href":"https:\/\/klaster.it\/en\/wp-json\/wp\/v2\/media?parent=14392"}],"curies":[{"name":"wp","href":"https:\/\/api.w.org\/{rel}","templated":true}]}}