{"id":14428,"date":"2021-02-05T02:47:18","date_gmt":"2021-02-05T01:47:18","guid":{"rendered":"https:\/\/klaster.it\/cluster-offer\/what-do-we-offer\/"},"modified":"2026-02-06T09:41:56","modified_gmt":"2026-02-06T08:41:56","slug":"what-do-we-offer","status":"publish","type":"page","link":"https:\/\/klaster.it\/en\/cluster-offer\/what-do-we-offer\/","title":{"rendered":"Why is it worth it?"},"content":{"rendered":"\t\t<div data-elementor-type=\"wp-page\" data-elementor-id=\"14428\" class=\"elementor elementor-14428 elementor-12231\">\n\t\t\t\t\t\t<section class=\"elementor-section elementor-top-section elementor-element elementor-element-8a023d2 elementor-section-boxed elementor-section-height-default elementor-section-height-default\" data-id=\"8a023d2\" data-element_type=\"section\">\n\t\t\t\t\t\t<div class=\"elementor-container elementor-column-gap-default\">\n\t\t\t\t\t<div class=\"elementor-column elementor-col-100 elementor-top-column elementor-element elementor-element-d156d34\" data-id=\"d156d34\" data-element_type=\"column\">\n\t\t\t<div class=\"elementor-widget-wrap elementor-element-populated\">\n\t\t\t\t\t\t<div class=\"elementor-element elementor-element-4ec60c2 elementor-widget elementor-widget-rs-heading\" data-id=\"4ec60c2\" data-element_type=\"widget\" data-widget_type=\"rs-heading.default\">\n\t\t\t\t<div class=\"elementor-widget-container\">\n\t\t\t\t\t        <div class=\"rs-heading style2  \">\r\n        \t<div class=\"title-inner\">\r\n        \t\t      \t\t\r\n\t            <h2 class=\"title\"><span class=\"watermark\"><\/span>Dlaczego warto do nas do\u0142\u0105czy\u0107?<\/h2>\t        <\/div>\r\n\t                    \t<div class=\"description\">\r\n            \t\t<p style=\"text-align: left\">Aktywnie wspieramy nasze firmy cz\u0142onkowskie w rozwoju swojej dzia\u0142alno\u015bci biznesowej oferuj\u0105c wsparcie w zakresie:<\/p><ul><li style=\"text-align: left\">zdobywania nowych klient\u00f3w i networkingu bran\u017cy IT oraz firm i instytucji spoza bran\u017cy (<a href=\"https:\/\/klaster.it\/oferta-klastra\/networking-kontakty\/\">szczeg\u00f3\u0142y<\/a>),<\/li><li style=\"text-align: left\">poszukiwania pracownik\u00f3w, a tak\u017ce prowadzenia dzia\u0142a\u0144 z zakresu Employer Brandingu naszych firm (<a href=\"https:\/\/klaster.it\/oferta-klastra\/employer-branding\/\">szczeg\u00f3\u0142y<\/a>),<\/li><li style=\"text-align: left\">poszukiwania partner\u00f3w do wsp\u00f3\u0142pracy b\u0105d\u017a podwykonawc\u00f3w <a href=\"https:\/\/klaster.it\/oferta-klastra\/budowanie-partnerstw\/\">(szczeg\u00f3\u0142y<\/a>),<\/li><li style=\"text-align: left\">rozwoju kompetencji potrzebnych w bran\u017cy IT, m.in. prowadz\u0105c zamkni\u0119t\u0105 eksperck\u0105 grup\u0119 DOBRE PRAKTYKI HR W IT (<a href=\"https:\/\/klaster.it\/oferta-klastra\/dobre-praktyki-hr-w-it\/\">szczeg\u00f3\u0142y<\/a>),<\/li><li style=\"text-align: left\">wzmocnienia prowadzonych dzia\u0142a\u0144 marketingowych (<a href=\"https:\/\/klaster.it\/oferta-klastra\/marketing-i-pr\/\">szczeg\u00f3\u0142y<\/a>).<\/li><\/ul><p>W ramach sk\u0142adki cz\u0142onkowskiej dla JDG o przychodach poni\u017cej 0,3 mln z\u0142 oraz os\u00f3b prywatnych powi\u0105zanych z bran\u017c\u0105 IT (1 000,00 z\u0142) zapewniamy Wam dost\u0119p do klastrowego newslettera \u2014 wysy\u0142anego co tydzie\u0144 do wszystkich cz\u0142onk\u00f3w \u2014 bez dost\u0119pu do bazy CV, a tak\u017ce do og\u00f3lnych mailing\u00f3w z bie\u017c\u0105cymi informacjami oraz inicjatywami wa\u017cnymi dla \u015brodowiska technologicznego. Ponadto, jako Klaster, reprezentujemy Wasze interesy jako firmy z sektora IT, dzia\u0142aj\u0105c jako jeden silny g\u0142os w dialogu z otoczeniem biznesowym i instytucjonalnym. Je\u017celi chcieliby\u015bcie korzysta\u0107 z pe\u0142nej bazy us\u0142ug oferowanych przez Klaster, serdecznie zach\u0119camy Was do wyboru wy\u017cszego poziomu sk\u0142adki cz\u0142onkowskiej, kt\u00f3ry otworzy dost\u0119p do pe\u0142nego zakresu mo\u017cliwo\u015bci i korzy\u015bci.<\/p>            \t\t\r\n            \t<\/div>\r\n        \t        <\/div>\r\n\r\n        \t\t\t\t<\/div>\n\t\t\t\t<\/div>\n\t\t\t\t\t<\/div>\n\t\t<\/div>\n\t\t\t\t\t<\/div>\n\t\t<\/section>\n\t\t\t\t<section class=\"elementor-section elementor-top-section elementor-element elementor-element-de7a381 elementor-section-boxed elementor-section-height-default elementor-section-height-default\" data-id=\"de7a381\" data-element_type=\"section\">\n\t\t\t\t\t\t<div class=\"elementor-container elementor-column-gap-default\">\n\t\t\t\t\t<div class=\"elementor-column elementor-col-100 elementor-top-column elementor-element elementor-element-bb4a6b9\" data-id=\"bb4a6b9\" data-element_type=\"column\">\n\t\t\t<div class=\"elementor-widget-wrap elementor-element-populated\">\n\t\t\t\t\t\t<div class=\"elementor-element elementor-element-6e29b21 elementor-widget elementor-widget-rs-heading\" data-id=\"6e29b21\" data-element_type=\"widget\" data-widget_type=\"rs-heading.default\">\n\t\t\t\t<div class=\"elementor-widget-container\">\n\t\t\t\t\t        <div class=\"rs-heading style2  \">\r\n        \t<div class=\"title-inner\">\r\n        \t\t      \t\t\r\n\t            <h2 class=\"title\"><span class=\"watermark\"><\/span>Dodatkowa korzy\u015b\u0107<\/h2>\t        <\/div>\r\n\t                    \t<div class=\"description\">\r\n            \t\t<p><strong>Firmy cz\u0142onkowskie Klastra IT otrzymuj\u0105 du\u017c\u0105 zni\u017ck\u0119 na wynajem przestrzeni biurowej oraz konferencyjnej w <a href=\"https:\/\/technopark-pomerania.pl\/o-nas\/infrastruktura\/biura\">Technoparku Pomerania.<\/a><\/strong><\/p>            \t\t\r\n            \t<\/div>\r\n        \t        <\/div>\r\n\r\n        \t\t\t\t<\/div>\n\t\t\t\t<\/div>\n\t\t\t\t\t<\/div>\n\t\t<\/div>\n\t\t\t\t\t<\/div>\n\t\t<\/section>\n\t\t\t\t<section class=\"elementor-section elementor-top-section elementor-element elementor-element-0b1c193 elementor-section-boxed elementor-section-height-default elementor-section-height-default\" data-id=\"0b1c193\" data-element_type=\"section\">\n\t\t\t\t\t\t<div class=\"elementor-container elementor-column-gap-default\">\n\t\t\t\t\t<div class=\"elementor-column elementor-col-100 elementor-top-column elementor-element elementor-element-348a84f\" data-id=\"348a84f\" data-element_type=\"column\">\n\t\t\t<div class=\"elementor-widget-wrap elementor-element-populated\">\n\t\t\t\t\t\t<div class=\"elementor-element elementor-element-e22079b elementor-widget elementor-widget-rs-heading\" data-id=\"e22079b\" data-element_type=\"widget\" data-widget_type=\"rs-heading.default\">\n\t\t\t\t<div class=\"elementor-widget-container\">\n\t\t\t\t\t        <div class=\"rs-heading style2 left \">\r\n        \t<div class=\"title-inner\">\r\n        \t\t      \t\t\r\n\t            <h2 class=\"title\"><span class=\"watermark\"><\/span>Jak do nas do\u0142\u0105czy\u0107?<\/h2>\t        <\/div>\r\n\t                    \t<div class=\"description\">\r\n            \t\t<p>Wype\u0142niaj\u0105c formularz deklaracji na stronie (<a href=\"https:\/\/klaster.it\/kariera-w-it\/deklaracja-czlonkowska\/\">kliknij w link<\/a>).<\/p><p style=\"text-align: justify\">Stawki Cz\u0142onkowskie ustalane s\u0105 w odniesieniu do deklarowanego przychodu, jaki firma osi\u0105gn\u0119\u0142a<br \/>w ubieg\u0142ym roku. Op\u0142ata jest jednorazowa, roczna.<\/p><p>Poni\u017csze stawki obowi\u0105zuj\u0105 na rok 2026:\u00a0<\/p><table style=\"border-collapse: collapse;width: 100%;height: 232px\"><tbody><tr style=\"height: 23px\"><td style=\"width: 50%;height: 23px\"><strong>Przych\u00f3d firmy za poprzedni rok<\/strong><\/td><td style=\"width: 50%;height: 23px\"><strong>Wysoko\u015b\u0107 sk\u0142adki<\/strong><\/td><\/tr><tr style=\"height: 71px\"><td style=\"width: 50%;height: 71px\">Jednoosobowe dzia\u0142alno\u015bci gospodarcze z przychodem poni\u017cej 0,3 mln z\u0142 oraz osoby prywatne powi\u0105zane z IT<\/td><td style=\"width: 50%;text-align: center;height: 71px\">1 000 z\u0142<\/td><\/tr><tr style=\"height: 23px\"><td style=\"width: 50%;height: 23px\">mniej ni\u017c 0,5 mln z\u0142<\/td><td style=\"width: 50%;text-align: center;height: 23px\">1 500 z\u0142<\/td><\/tr><tr style=\"height: 23px\"><td style=\"width: 50%;height: 23px\">r\u00f3wno i powy\u017cej 0,5 ale poni\u017cej 3 mln z\u0142<\/td><td style=\"width: 50%;text-align: center;height: 23px\">2 200 z\u0142<\/td><\/tr><tr style=\"height: 23px\"><td style=\"width: 50%;height: 23px\">r\u00f3wno i powy\u017cej 3 ale poni\u017cej 5 mln z\u0142<\/td><td style=\"width: 50%;text-align: center;height: 23px\">3 000 z\u0142<\/td><\/tr><tr style=\"height: 23px\"><td style=\"width: 50%;height: 23px\">r\u00f3wno i powy\u017cej 5 ale poni\u017cej 20 mln z\u0142\u00a0 \u00a0<\/td><td style=\"width: 50%;text-align: center;height: 23px\">4 800 z\u0142<\/td><\/tr><tr style=\"height: 23px\"><td style=\"width: 50%;height: 23px\">r\u00f3wno i powy\u017cej 20 ale poni\u017cej 50 mln z\u0142<\/td><td style=\"width: 50%;height: 23px;text-align: center\">7 000 z\u0142<\/td><\/tr><tr style=\"height: 23px\"><td style=\"width: 50%;height: 23px\">r\u00f3wno i powy\u017cej 50 mln z\u0142<\/td><td style=\"width: 50%;height: 23px;text-align: center\">10 000 z\u0142<\/td><\/tr><\/tbody><\/table>            \t\t\r\n            \t<\/div>\r\n        \t        <\/div>\r\n\r\n        \t\t\t\t<\/div>\n\t\t\t\t<\/div>\n\t\t\t\t\t<\/div>\n\t\t<\/div>\n\t\t\t\t\t<\/div>\n\t\t<\/section>\n\t\t\t\t<\/div>\n\t\t","protected":false},"excerpt":{"rendered":"<p>Dlaczego warto do nas do\u0142\u0105czy\u0107? Aktywnie wspieramy nasze firmy cz\u0142onkowskie w rozwoju swojej dzia\u0142alno\u015bci biznesowej oferuj\u0105c wsparcie w zakresie: zdobywania nowych klient\u00f3w i networkingu bran\u017cy IT oraz firm i instytucji spoza bran\u017cy (szczeg\u00f3\u0142y), poszukiwania pracownik\u00f3w, a tak\u017ce prowadzenia dzia\u0142a\u0144 z zakresu Employer Brandingu naszych firm (szczeg\u00f3\u0142y), poszukiwania partner\u00f3w do wsp\u00f3\u0142pracy b\u0105d\u017a podwykonawc\u00f3w (szczeg\u00f3\u0142y), rozwoju kompetencji&#8230;<\/p>\n","protected":false},"author":3,"featured_media":0,"parent":14426,"menu_order":0,"comment_status":"closed","ping_status":"closed","template":"","meta":{"footnotes":""},"categories":[],"tags":[],"class_list":["post-14428","page","type-page","status-publish","hentry"],"yoast_head":"<!-- This site is optimized with the Yoast SEO plugin v27.4 - https:\/\/yoast.com\/product\/yoast-seo-wordpress\/ -->\n<title>Why is it worth it? - Klaster IT<\/title>\n<meta name=\"robots\" content=\"index, follow, max-snippet:-1, max-image-preview:large, max-video-preview:-1\" \/>\n<link rel=\"canonical\" href=\"https:\/\/klaster.it\/oferta-klastra\/dlaczego-warto\/\" \/>\n<meta property=\"og:locale\" content=\"en_US\" \/>\n<meta property=\"og:type\" content=\"article\" \/>\n<meta property=\"og:title\" content=\"Why is it worth it? - Klaster IT\" \/>\n<meta property=\"og:description\" content=\"Dlaczego warto do nas do\u0142\u0105czy\u0107? Aktywnie wspieramy nasze firmy cz\u0142onkowskie w rozwoju swojej dzia\u0142alno\u015bci biznesowej oferuj\u0105c wsparcie w zakresie: zdobywania nowych klient\u00f3w i networkingu bran\u017cy IT oraz firm i instytucji spoza bran\u017cy (szczeg\u00f3\u0142y), poszukiwania pracownik\u00f3w, a tak\u017ce prowadzenia dzia\u0142a\u0144 z zakresu Employer Brandingu naszych firm (szczeg\u00f3\u0142y), poszukiwania partner\u00f3w do wsp\u00f3\u0142pracy b\u0105d\u017a podwykonawc\u00f3w (szczeg\u00f3\u0142y), rozwoju kompetencji...\" \/>\n<meta property=\"og:url\" content=\"https:\/\/klaster.it\/oferta-klastra\/dlaczego-warto\/\" \/>\n<meta property=\"og:site_name\" content=\"Klaster IT\" \/>\n<meta property=\"article:publisher\" content=\"https:\/\/www.facebook.com\/KlasterICTPomorzeZachodnie\/\" \/>\n<meta property=\"article:modified_time\" content=\"2026-02-06T08:41:56+00:00\" \/>\n<meta property=\"og:image\" content=\"https:\/\/klaster.it\/wp-content\/uploads\/2020\/12\/kontakt.jpg\" \/>\n\t<meta property=\"og:image:width\" content=\"1920\" \/>\n\t<meta property=\"og:image:height\" content=\"1000\" \/>\n\t<meta property=\"og:image:type\" content=\"image\/jpeg\" \/>\n<meta name=\"twitter:card\" content=\"summary_large_image\" \/>\n<meta name=\"twitter:label1\" content=\"Est. reading time\" \/>\n\t<meta name=\"twitter:data1\" content=\"2 minutes\" \/>\n<script type=\"application\/ld+json\" class=\"yoast-schema-graph\">{\"@context\":\"https:\\\/\\\/schema.org\",\"@graph\":[{\"@type\":\"WebPage\",\"@id\":\"https:\\\/\\\/klaster.it\\\/oferta-klastra\\\/dlaczego-warto\\\/\",\"url\":\"https:\\\/\\\/klaster.it\\\/oferta-klastra\\\/dlaczego-warto\\\/\",\"name\":\"Why is it worth it? - Klaster IT\",\"isPartOf\":{\"@id\":\"https:\\\/\\\/klaster.it\\\/#website\"},\"datePublished\":\"2021-02-05T01:47:18+00:00\",\"dateModified\":\"2026-02-06T08:41:56+00:00\",\"breadcrumb\":{\"@id\":\"https:\\\/\\\/klaster.it\\\/oferta-klastra\\\/dlaczego-warto\\\/#breadcrumb\"},\"inLanguage\":\"en-US\",\"potentialAction\":[{\"@type\":\"ReadAction\",\"target\":[\"https:\\\/\\\/klaster.it\\\/oferta-klastra\\\/dlaczego-warto\\\/\"]}]},{\"@type\":\"BreadcrumbList\",\"@id\":\"https:\\\/\\\/klaster.it\\\/oferta-klastra\\\/dlaczego-warto\\\/#breadcrumb\",\"itemListElement\":[{\"@type\":\"ListItem\",\"position\":1,\"name\":\"Home\",\"item\":\"https:\\\/\\\/klaster.it\\\/en\\\/home\\\/\"},{\"@type\":\"ListItem\",\"position\":2,\"name\":\"Cluster offer\",\"item\":\"https:\\\/\\\/klaster.it\\\/en\\\/cluster-offer\\\/\"},{\"@type\":\"ListItem\",\"position\":3,\"name\":\"Why is it worth it?\"}]},{\"@type\":\"WebSite\",\"@id\":\"https:\\\/\\\/klaster.it\\\/#website\",\"url\":\"https:\\\/\\\/klaster.it\\\/\",\"name\":\"Klaster IT\",\"description\":\"Kolejna witryna oparta na WordPressie\",\"publisher\":{\"@id\":\"https:\\\/\\\/klaster.it\\\/#organization\"},\"potentialAction\":[{\"@type\":\"SearchAction\",\"target\":{\"@type\":\"EntryPoint\",\"urlTemplate\":\"https:\\\/\\\/klaster.it\\\/?s={search_term_string}\"},\"query-input\":{\"@type\":\"PropertyValueSpecification\",\"valueRequired\":true,\"valueName\":\"search_term_string\"}}],\"inLanguage\":\"en-US\"},{\"@type\":\"Organization\",\"@id\":\"https:\\\/\\\/klaster.it\\\/#organization\",\"name\":\"Klaster IT\",\"url\":\"https:\\\/\\\/klaster.it\\\/\",\"logo\":{\"@type\":\"ImageObject\",\"inLanguage\":\"en-US\",\"@id\":\"https:\\\/\\\/klaster.it\\\/#\\\/schema\\\/logo\\\/image\\\/\",\"url\":\"https:\\\/\\\/klaster.it\\\/wp-content\\\/uploads\\\/2021\\\/11\\\/Klaster-IT_logo-poziome.png\",\"contentUrl\":\"https:\\\/\\\/klaster.it\\\/wp-content\\\/uploads\\\/2021\\\/11\\\/Klaster-IT_logo-poziome.png\",\"width\":2094,\"height\":297,\"caption\":\"Klaster IT\"},\"image\":{\"@id\":\"https:\\\/\\\/klaster.it\\\/#\\\/schema\\\/logo\\\/image\\\/\"},\"sameAs\":[\"https:\\\/\\\/www.facebook.com\\\/KlasterICTPomorzeZachodnie\\\/\",\"https:\\\/\\\/www.linkedin.com\\\/company\\\/west-pomeranian-ict-cluster\\\/\"]}]}<\/script>\n<!-- \/ Yoast SEO plugin. -->","yoast_head_json":{"title":"Why is it worth it? - Klaster IT","robots":{"index":"index","follow":"follow","max-snippet":"max-snippet:-1","max-image-preview":"max-image-preview:large","max-video-preview":"max-video-preview:-1"},"canonical":"https:\/\/klaster.it\/oferta-klastra\/dlaczego-warto\/","og_locale":"en_US","og_type":"article","og_title":"Why is it worth it? - Klaster IT","og_description":"Dlaczego warto do nas do\u0142\u0105czy\u0107? Aktywnie wspieramy nasze firmy cz\u0142onkowskie w rozwoju swojej dzia\u0142alno\u015bci biznesowej oferuj\u0105c wsparcie w zakresie: zdobywania nowych klient\u00f3w i networkingu bran\u017cy IT oraz firm i instytucji spoza bran\u017cy (szczeg\u00f3\u0142y), poszukiwania pracownik\u00f3w, a tak\u017ce prowadzenia dzia\u0142a\u0144 z zakresu Employer Brandingu naszych firm (szczeg\u00f3\u0142y), poszukiwania partner\u00f3w do wsp\u00f3\u0142pracy b\u0105d\u017a podwykonawc\u00f3w (szczeg\u00f3\u0142y), rozwoju kompetencji...","og_url":"https:\/\/klaster.it\/oferta-klastra\/dlaczego-warto\/","og_site_name":"Klaster IT","article_publisher":"https:\/\/www.facebook.com\/KlasterICTPomorzeZachodnie\/","article_modified_time":"2026-02-06T08:41:56+00:00","og_image":[{"width":1920,"height":1000,"url":"https:\/\/klaster.it\/wp-content\/uploads\/2020\/12\/kontakt.jpg","type":"image\/jpeg"}],"twitter_card":"summary_large_image","twitter_misc":{"Est. reading time":"2 minutes"},"schema":{"@context":"https:\/\/schema.org","@graph":[{"@type":"WebPage","@id":"https:\/\/klaster.it\/oferta-klastra\/dlaczego-warto\/","url":"https:\/\/klaster.it\/oferta-klastra\/dlaczego-warto\/","name":"Why is it worth it? - Klaster IT","isPartOf":{"@id":"https:\/\/klaster.it\/#website"},"datePublished":"2021-02-05T01:47:18+00:00","dateModified":"2026-02-06T08:41:56+00:00","breadcrumb":{"@id":"https:\/\/klaster.it\/oferta-klastra\/dlaczego-warto\/#breadcrumb"},"inLanguage":"en-US","potentialAction":[{"@type":"ReadAction","target":["https:\/\/klaster.it\/oferta-klastra\/dlaczego-warto\/"]}]},{"@type":"BreadcrumbList","@id":"https:\/\/klaster.it\/oferta-klastra\/dlaczego-warto\/#breadcrumb","itemListElement":[{"@type":"ListItem","position":1,"name":"Home","item":"https:\/\/klaster.it\/en\/home\/"},{"@type":"ListItem","position":2,"name":"Cluster offer","item":"https:\/\/klaster.it\/en\/cluster-offer\/"},{"@type":"ListItem","position":3,"name":"Why is it worth it?"}]},{"@type":"WebSite","@id":"https:\/\/klaster.it\/#website","url":"https:\/\/klaster.it\/","name":"Klaster IT","description":"Kolejna witryna oparta na WordPressie","publisher":{"@id":"https:\/\/klaster.it\/#organization"},"potentialAction":[{"@type":"SearchAction","target":{"@type":"EntryPoint","urlTemplate":"https:\/\/klaster.it\/?s={search_term_string}"},"query-input":{"@type":"PropertyValueSpecification","valueRequired":true,"valueName":"search_term_string"}}],"inLanguage":"en-US"},{"@type":"Organization","@id":"https:\/\/klaster.it\/#organization","name":"Klaster IT","url":"https:\/\/klaster.it\/","logo":{"@type":"ImageObject","inLanguage":"en-US","@id":"https:\/\/klaster.it\/#\/schema\/logo\/image\/","url":"https:\/\/klaster.it\/wp-content\/uploads\/2021\/11\/Klaster-IT_logo-poziome.png","contentUrl":"https:\/\/klaster.it\/wp-content\/uploads\/2021\/11\/Klaster-IT_logo-poziome.png","width":2094,"height":297,"caption":"Klaster IT"},"image":{"@id":"https:\/\/klaster.it\/#\/schema\/logo\/image\/"},"sameAs":["https:\/\/www.facebook.com\/KlasterICTPomorzeZachodnie\/","https:\/\/www.linkedin.com\/company\/west-pomeranian-ict-cluster\/"]}]}},"_links":{"self":[{"href":"https:\/\/klaster.it\/en\/wp-json\/wp\/v2\/pages\/14428","targetHints":{"allow":["GET"]}}],"collection":[{"href":"https:\/\/klaster.it\/en\/wp-json\/wp\/v2\/pages"}],"about":[{"href":"https:\/\/klaster.it\/en\/wp-json\/wp\/v2\/types\/page"}],"author":[{"embeddable":true,"href":"https:\/\/klaster.it\/en\/wp-json\/wp\/v2\/users\/3"}],"replies":[{"embeddable":true,"href":"https:\/\/klaster.it\/en\/wp-json\/wp\/v2\/comments?post=14428"}],"version-history":[{"count":33,"href":"https:\/\/klaster.it\/en\/wp-json\/wp\/v2\/pages\/14428\/revisions"}],"predecessor-version":[{"id":28209,"href":"https:\/\/klaster.it\/en\/wp-json\/wp\/v2\/pages\/14428\/revisions\/28209"}],"up":[{"embeddable":true,"href":"https:\/\/klaster.it\/en\/wp-json\/wp\/v2\/pages\/14426"}],"wp:attachment":[{"href":"https:\/\/klaster.it\/en\/wp-json\/wp\/v2\/media?parent=14428"}],"wp:term":[{"taxonomy":"category","embeddable":true,"href":"https:\/\/klaster.it\/en\/wp-json\/wp\/v2\/categories?post=14428"},{"taxonomy":"post_tag","embeddable":true,"href":"https:\/\/klaster.it\/en\/wp-json\/wp\/v2\/tags?post=14428"}],"curies":[{"name":"wp","href":"https:\/\/api.w.org\/{rel}","templated":true}]}}